{"id":11,"date":"2017-10-30T15:11:53","date_gmt":"2017-10-30T15:11:53","guid":{"rendered":"https:\/\/alustate.net\/tr\/?page_id=11"},"modified":"2020-11-30T16:21:45","modified_gmt":"2020-11-30T16:21:45","slug":"hakkimizda","status":"publish","type":"page","link":"https:\/\/alustate.net\/tr\/hakkimizda\/","title":{"rendered":"Hakk\u0131m\u0131zda"},"content":{"rendered":"<p>Alustate; iyi kalite ve do\u011fru fiyat oran\u0131n\u0131 sa\u011flayarak, geni\u015f \u00fcr\u00fcn yelpazesi ile t\u00fcketici beklentilerini en \u00fcst d\u00fczeyde kar\u015f\u0131lamak maksad\u0131yla 2018 y\u0131l\u0131nda \u0130stanbul&#8217;da kuruldu.<\/p>\n<p>Alustate, yola \u00e7\u0131kt\u0131\u011f\u0131 ilk g\u00fcnden beri projelerinizde ihtiyac\u0131n\u0131z olan malzemeleri en ince ayr\u0131nt\u0131s\u0131na kadar belirleyerek geni\u015f tedarik\u00e7i portf\u00f6y\u00fc ile size m\u00fcmk\u00fcn olan en k\u0131sa s\u00fcrede tedari\u011fini sa\u011flar. Bu sayede projeleriniz daha uzun \u00f6m\u00fcrl\u00fc olurken ayn\u0131 zamanda maliyetleri de do\u011fru \u015fekillendirmenize yard\u0131mc\u0131 olur.<\/p>\n<h2><\/h2>\n","protected":false},"excerpt":{"rendered":"<p>Alustate; iyi kalite ve do\u011fru fiyat oran\u0131n\u0131 sa\u011flayarak, geni\u015f \u00fcr\u00fcn yelpazesi ile t\u00fcketici beklentilerini en \u00fcst d\u00fczeyde kar\u015f\u0131lamak maksad\u0131yla 2018 y\u0131l\u0131nda \u0130stanbul&#8217;da kuruldu. Alustate, yola \u00e7\u0131kt\u0131\u011f\u0131 ilk g\u00fcnden beri projelerinizde ihtiyac\u0131n\u0131z olan malzemeleri en ince ayr\u0131nt\u0131s\u0131na kadar belirleyerek geni\u015f tedarik\u00e7i portf\u00f6y\u00fc ile size m\u00fcmk\u00fcn olan en k\u0131sa s\u00fcrede tedari\u011fini sa\u011flar. Bu sayede projeleriniz daha uzun [&hellip;]<\/p>\n","protected":false},"author":1,"featured_media":0,"parent":0,"menu_order":0,"comment_status":"closed","ping_status":"closed","template":"","meta":[],"_links":{"self":[{"href":"https:\/\/alustate.net\/tr\/wp-json\/wp\/v2\/pages\/11"}],"collection":[{"href":"https:\/\/alustate.net\/tr\/wp-json\/wp\/v2\/pages"}],"about":[{"href":"https:\/\/alustate.net\/tr\/wp-json\/wp\/v2\/types\/page"}],"author":[{"embeddable":true,"href":"https:\/\/alustate.net\/tr\/wp-json\/wp\/v2\/users\/1"}],"replies":[{"embeddable":true,"href":"https:\/\/alustate.net\/tr\/wp-json\/wp\/v2\/comments?post=11"}],"version-history":[{"count":11,"href":"https:\/\/alustate.net\/tr\/wp-json\/wp\/v2\/pages\/11\/revisions"}],"predecessor-version":[{"id":336,"href":"https:\/\/alustate.net\/tr\/wp-json\/wp\/v2\/pages\/11\/revisions\/336"}],"wp:attachment":[{"href":"https:\/\/alustate.net\/tr\/wp-json\/wp\/v2\/media?parent=11"}],"curies":[{"name":"wp","href":"https:\/\/api.w.org\/{rel}","templated":true}]}}