{"id":15,"date":"2017-10-30T15:50:07","date_gmt":"2017-10-30T15:50:07","guid":{"rendered":"https:\/\/alustate.net\/tr\/?page_id=15"},"modified":"2022-03-08T14:00:27","modified_gmt":"2022-03-08T14:00:27","slug":"cozum-ortaklari","status":"publish","type":"page","link":"https:\/\/alustate.net\/tr\/cozum-ortaklari\/","title":{"rendered":"\u00c7\u00f6z\u00fcm Ortaklar\u0131"},"content":{"rendered":"<div id='gallery-1' class='gallery galleryid-15 gallery-columns-3 gallery-size-full'><dl class='gallery-item'>\n\t\t\t<dt class='gallery-icon landscape'>\n\t\t\t\t<a href='https:\/\/alustate.net\/tr\/wp-content\/uploads\/2020\/11\/asas.png'><img width=\"640\" height=\"200\" src=\"https:\/\/alustate.net\/tr\/wp-content\/uploads\/2020\/11\/asas.png\" class=\"attachment-full size-full\" alt=\"\" loading=\"lazy\" srcset=\"https:\/\/alustate.net\/tr\/wp-content\/uploads\/2020\/11\/asas.png 640w, https:\/\/alustate.net\/tr\/wp-content\/uploads\/2020\/11\/asas-300x94.png 300w\" sizes=\"(max-width: 640px) 100vw, 640px\" \/><\/a>\n\t\t\t<\/dt><\/dl><dl class='gallery-item'>\n\t\t\t<dt class='gallery-icon landscape'>\n\t\t\t\t<a href='https:\/\/alustate.net\/tr\/wp-content\/uploads\/2020\/11\/sistem-aluminyum-1.png'><img width=\"640\" height=\"200\" src=\"https:\/\/alustate.net\/tr\/wp-content\/uploads\/2020\/11\/sistem-aluminyum-1.png\" class=\"attachment-full size-full\" alt=\"\" loading=\"lazy\" srcset=\"https:\/\/alustate.net\/tr\/wp-content\/uploads\/2020\/11\/sistem-aluminyum-1.png 640w, https:\/\/alustate.net\/tr\/wp-content\/uploads\/2020\/11\/sistem-aluminyum-1-300x94.png 300w\" sizes=\"(max-width: 640px) 100vw, 640px\" \/><\/a>\n\t\t\t<\/dt><\/dl><dl class='gallery-item'>\n\t\t\t<dt class='gallery-icon landscape'>\n\t\t\t\t<a href='https:\/\/alustate.net\/tr\/wp-content\/uploads\/2021\/01\/cuha.png'><img width=\"640\" height=\"200\" src=\"https:\/\/alustate.net\/tr\/wp-content\/uploads\/2021\/01\/cuha.png\" class=\"attachment-full size-full\" alt=\"\" loading=\"lazy\" srcset=\"https:\/\/alustate.net\/tr\/wp-content\/uploads\/2021\/01\/cuha.png 640w, https:\/\/alustate.net\/tr\/wp-content\/uploads\/2021\/01\/cuha-300x94.png 300w\" sizes=\"(max-width: 640px) 100vw, 640px\" \/><\/a>\n\t\t\t<\/dt><\/dl><br style=\"clear: both\" \/><dl class='gallery-item'>\n\t\t\t<dt class='gallery-icon landscape'>\n\t\t\t\t<a href='https:\/\/alustate.net\/tr\/wp-content\/uploads\/2022\/03\/has1.png'><img width=\"640\" height=\"200\" src=\"https:\/\/alustate.net\/tr\/wp-content\/uploads\/2022\/03\/has1.png\" class=\"attachment-full size-full\" alt=\"\" loading=\"lazy\" srcset=\"https:\/\/alustate.net\/tr\/wp-content\/uploads\/2022\/03\/has1.png 640w, https:\/\/alustate.net\/tr\/wp-content\/uploads\/2022\/03\/has1-300x94.png 300w\" sizes=\"(max-width: 640px) 100vw, 640px\" \/><\/a>\n\t\t\t<\/dt><\/dl><dl class='gallery-item'>\n\t\t\t<dt class='gallery-icon landscape'>\n\t\t\t\t<a href='https:\/\/alustate.net\/tr\/wp-content\/uploads\/2022\/03\/asd-alu.png'><img width=\"640\" height=\"200\" src=\"https:\/\/alustate.net\/tr\/wp-content\/uploads\/2022\/03\/asd-alu.png\" class=\"attachment-full size-full\" alt=\"\" loading=\"lazy\" srcset=\"https:\/\/alustate.net\/tr\/wp-content\/uploads\/2022\/03\/asd-alu.png 640w, https:\/\/alustate.net\/tr\/wp-content\/uploads\/2022\/03\/asd-alu-300x94.png 300w\" sizes=\"(max-width: 640px) 100vw, 640px\" \/><\/a>\n\t\t\t<\/dt><\/dl><dl class='gallery-item'>\n\t\t\t<dt class='gallery-icon landscape'>\n\t\t\t\t<a href='https:\/\/alustate.net\/tr\/wp-content\/uploads\/2022\/03\/saray-alu.png'><img width=\"640\" height=\"200\" src=\"https:\/\/alustate.net\/tr\/wp-content\/uploads\/2022\/03\/saray-alu.png\" class=\"attachment-full size-full\" alt=\"\" loading=\"lazy\" srcset=\"https:\/\/alustate.net\/tr\/wp-content\/uploads\/2022\/03\/saray-alu.png 640w, https:\/\/alustate.net\/tr\/wp-content\/uploads\/2022\/03\/saray-alu-300x94.png 300w\" sizes=\"(max-width: 640px) 100vw, 640px\" \/><\/a>\n\t\t\t<\/dt><\/dl><br style=\"clear: both\" \/><dl class='gallery-item'>\n\t\t\t<dt class='gallery-icon landscape'>\n\t\t\t\t<a href='https:\/\/alustate.net\/tr\/wp-content\/uploads\/2020\/11\/pulver.png'><img width=\"640\" height=\"200\" src=\"https:\/\/alustate.net\/tr\/wp-content\/uploads\/2020\/11\/pulver.png\" class=\"attachment-full size-full\" alt=\"\" loading=\"lazy\" srcset=\"https:\/\/alustate.net\/tr\/wp-content\/uploads\/2020\/11\/pulver.png 640w, https:\/\/alustate.net\/tr\/wp-content\/uploads\/2020\/11\/pulver-300x94.png 300w\" sizes=\"(max-width: 640px) 100vw, 640px\" \/><\/a>\n\t\t\t<\/dt><\/dl><dl class='gallery-item'>\n\t\t\t<dt class='gallery-icon landscape'>\n\t\t\t\t<a href='https:\/\/alustate.net\/tr\/wp-content\/uploads\/2020\/11\/ibakimya.png'><img width=\"640\" height=\"200\" src=\"https:\/\/alustate.net\/tr\/wp-content\/uploads\/2020\/11\/ibakimya.png\" class=\"attachment-full size-full\" alt=\"\" loading=\"lazy\" srcset=\"https:\/\/alustate.net\/tr\/wp-content\/uploads\/2020\/11\/ibakimya.png 640w, https:\/\/alustate.net\/tr\/wp-content\/uploads\/2020\/11\/ibakimya-300x94.png 300w\" sizes=\"(max-width: 640px) 100vw, 640px\" \/><\/a>\n\t\t\t<\/dt><\/dl><dl class='gallery-item'>\n\t\t\t<dt class='gallery-icon landscape'>\n\t\t\t\t<a href='https:\/\/alustate.net\/tr\/wp-content\/uploads\/2020\/11\/siegena.png'><img width=\"640\" height=\"200\" src=\"https:\/\/alustate.net\/tr\/wp-content\/uploads\/2020\/11\/siegena.png\" class=\"attachment-full size-full\" alt=\"\" loading=\"lazy\" srcset=\"https:\/\/alustate.net\/tr\/wp-content\/uploads\/2020\/11\/siegena.png 640w, https:\/\/alustate.net\/tr\/wp-content\/uploads\/2020\/11\/siegena-300x94.png 300w\" sizes=\"(max-width: 640px) 100vw, 640px\" \/><\/a>\n\t\t\t<\/dt><\/dl><br style=\"clear: both\" \/><dl class='gallery-item'>\n\t\t\t<dt class='gallery-icon landscape'>\n\t\t\t\t<a href='https:\/\/alustate.net\/tr\/wp-content\/uploads\/2020\/11\/giesse.png'><img width=\"640\" height=\"200\" src=\"https:\/\/alustate.net\/tr\/wp-content\/uploads\/2020\/11\/giesse.png\" class=\"attachment-full size-full\" alt=\"\" loading=\"lazy\" srcset=\"https:\/\/alustate.net\/tr\/wp-content\/uploads\/2020\/11\/giesse.png 640w, https:\/\/alustate.net\/tr\/wp-content\/uploads\/2020\/11\/giesse-300x94.png 300w\" sizes=\"(max-width: 640px) 100vw, 640px\" \/><\/a>\n\t\t\t<\/dt><\/dl><dl class='gallery-item'>\n\t\t\t<dt class='gallery-icon landscape'>\n\t\t\t\t<a href='https:\/\/alustate.net\/tr\/wp-content\/uploads\/2020\/11\/roto.png'><img width=\"640\" height=\"200\" src=\"https:\/\/alustate.net\/tr\/wp-content\/uploads\/2020\/11\/roto.png\" class=\"attachment-full size-full\" alt=\"\" loading=\"lazy\" srcset=\"https:\/\/alustate.net\/tr\/wp-content\/uploads\/2020\/11\/roto.png 640w, https:\/\/alustate.net\/tr\/wp-content\/uploads\/2020\/11\/roto-300x94.png 300w\" sizes=\"(max-width: 640px) 100vw, 640px\" \/><\/a>\n\t\t\t<\/dt><\/dl><dl class='gallery-item'>\n\t\t\t<dt class='gallery-icon landscape'>\n\t\t\t\t<a href='https:\/\/alustate.net\/tr\/wp-content\/uploads\/2020\/11\/gu.png'><img width=\"640\" height=\"200\" src=\"https:\/\/alustate.net\/tr\/wp-content\/uploads\/2020\/11\/gu.png\" class=\"attachment-full size-full\" alt=\"\" loading=\"lazy\" srcset=\"https:\/\/alustate.net\/tr\/wp-content\/uploads\/2020\/11\/gu.png 640w, https:\/\/alustate.net\/tr\/wp-content\/uploads\/2020\/11\/gu-300x94.png 300w\" sizes=\"(max-width: 640px) 100vw, 640px\" \/><\/a>\n\t\t\t<\/dt><\/dl><br style=\"clear: both\" \/><dl class='gallery-item'>\n\t\t\t<dt class='gallery-icon landscape'>\n\t\t\t\t<a href='https:\/\/alustate.net\/tr\/wp-content\/uploads\/2020\/11\/ozcelikler.png'><img width=\"640\" height=\"200\" src=\"https:\/\/alustate.net\/tr\/wp-content\/uploads\/2020\/11\/ozcelikler.png\" class=\"attachment-full size-full\" alt=\"\" loading=\"lazy\" srcset=\"https:\/\/alustate.net\/tr\/wp-content\/uploads\/2020\/11\/ozcelikler.png 640w, https:\/\/alustate.net\/tr\/wp-content\/uploads\/2020\/11\/ozcelikler-300x94.png 300w\" sizes=\"(max-width: 640px) 100vw, 640px\" \/><\/a>\n\t\t\t<\/dt><\/dl><dl class='gallery-item'>\n\t\t\t<dt class='gallery-icon landscape'>\n\t\t\t\t<a href='https:\/\/alustate.net\/tr\/wp-content\/uploads\/2021\/01\/yilmaz-makina.png'><img width=\"640\" height=\"200\" src=\"https:\/\/alustate.net\/tr\/wp-content\/uploads\/2021\/01\/yilmaz-makina.png\" class=\"attachment-full size-full\" alt=\"\" loading=\"lazy\" srcset=\"https:\/\/alustate.net\/tr\/wp-content\/uploads\/2021\/01\/yilmaz-makina.png 640w, https:\/\/alustate.net\/tr\/wp-content\/uploads\/2021\/01\/yilmaz-makina-300x94.png 300w\" sizes=\"(max-width: 640px) 100vw, 640px\" \/><\/a>\n\t\t\t<\/dt><\/dl>\n\t\t\t<br style='clear: both' \/>\n\t\t<\/div>\n\n<div id=\"gtx-trans\" style=\"position: absolute; left: 1141px; top: 32px;\">\n<div class=\"gtx-trans-icon\"><\/div>\n<\/div>\n","protected":false},"excerpt":{"rendered":"","protected":false},"author":1,"featured_media":0,"parent":0,"menu_order":0,"comment_status":"closed","ping_status":"closed","template":"pages\/page-references.php","meta":[],"_links":{"self":[{"href":"https:\/\/alustate.net\/tr\/wp-json\/wp\/v2\/pages\/15"}],"collection":[{"href":"https:\/\/alustate.net\/tr\/wp-json\/wp\/v2\/pages"}],"about":[{"href":"https:\/\/alustate.net\/tr\/wp-json\/wp\/v2\/types\/page"}],"author":[{"embeddable":true,"href":"https:\/\/alustate.net\/tr\/wp-json\/wp\/v2\/users\/1"}],"replies":[{"embeddable":true,"href":"https:\/\/alustate.net\/tr\/wp-json\/wp\/v2\/comments?post=15"}],"version-history":[{"count":10,"href":"https:\/\/alustate.net\/tr\/wp-json\/wp\/v2\/pages\/15\/revisions"}],"predecessor-version":[{"id":814,"href":"https:\/\/alustate.net\/tr\/wp-json\/wp\/v2\/pages\/15\/revisions\/814"}],"wp:attachment":[{"href":"https:\/\/alustate.net\/tr\/wp-json\/wp\/v2\/media?parent=15"}],"curies":[{"name":"wp","href":"https:\/\/api.w.org\/{rel}","templated":true}]}}