{"id":364,"date":"2020-11-16T10:44:40","date_gmt":"2020-11-16T10:44:40","guid":{"rendered":"https:\/\/alustate.net\/tr\/?page_id=364"},"modified":"2020-11-28T09:49:15","modified_gmt":"2020-11-28T09:49:15","slug":"danismanlik","status":"publish","type":"page","link":"https:\/\/alustate.net\/tr\/danismanlik\/","title":{"rendered":"Dan\u0131\u015fmanl\u0131k"},"content":{"rendered":"<p><img loading=\"lazy\" class=\"hoverZoomLink aligncenter wp-image-377 size-full\" src=\"https:\/\/alustate.net\/tr\/wp-content\/uploads\/2020\/11\/alustate-danismanlik.jpg\" alt=\"\" width=\"900\" height=\"600\" srcset=\"https:\/\/alustate.net\/tr\/wp-content\/uploads\/2020\/11\/alustate-danismanlik.jpg 900w, https:\/\/alustate.net\/tr\/wp-content\/uploads\/2020\/11\/alustate-danismanlik-300x200.jpg 300w, https:\/\/alustate.net\/tr\/wp-content\/uploads\/2020\/11\/alustate-danismanlik-768x512.jpg 768w\" sizes=\"(max-width: 900px) 100vw, 900px\" \/><\/p>\n<p>Al\u00fcminyum sekt\u00f6r\u00fcn\u00fcn her dal\u0131nda ve a\u015famas\u0131nda hizmet vermeye devam ediyoruz. Mevcut bilgilerimiz ve her ge\u00e7en g\u00fcn edindi\u011fimiz tecr\u00fcbeleri sizlerle payla\u015fmak i\u00e7in heyecan duyuyoruz.<\/p>\n<p>\u015eirketimiz malzeme tedari\u011finin yan\u0131nda art\u0131k a\u015fa\u011f\u0131daki hizmetleri de vermeye ba\u015flam\u0131\u015ft\u0131r. 20 y\u0131l\u0131 a\u015fan malzeme ve tasar\u0131m tecr\u00fcbesini harmanlayarak a\u015fa\u011f\u0131daki \u015fekillerde aktar\u0131m\u0131n\u0131 yap\u0131yoruz.<\/p>\n<ul>\n<li>Sistem tasar\u0131m\u0131,<\/li>\n<li>Prensip cephe detay \u00e7al\u0131\u015fmalar\u0131,<\/li>\n<li>Profil tasar\u0131m\u0131 ve atalet hesaplar\u0131,<\/li>\n<li>Proje kontrol, detay kontrol, imalat kontrol,<\/li>\n<li>Shop drawing ve uygulama \u00e7izimleri ve kontrolleri.<\/li>\n<\/ul>\n<div id=\"hzImg\" style=\"border: 1px solid #ffffff; line-height: 0; overflow: hidden; padding: 2px; margin: 0px; position: absolute; z-index: 2147483647; border-radius: 3px; box-shadow: rgba(0, 0, 0, 0.33) 3px 3px 9px 5px; opacity: 1; top: 98px; left: 305px; background-color: #ffffff; display: none;\"><\/div>\n<p><img id=\"hzDownscaled\" style=\"position: absolute; top: -10000px;\" \/><\/p>\n<p><img id=\"hzDownscaled\" style=\"position: absolute; top: -10000px;\" \/><\/p>\n<p><img id=\"hzDownscaled\" style=\"position: absolute; top: -10000px;\" \/><img id=\"hzDownscaled\" style=\"position: absolute; top: -10000px;\" \/><\/p>\n<div id=\"hzImg\" style=\"border: 1px solid #ffffff; line-height: 0; overflow: hidden; padding: 2px; margin: 0px; position: absolute; z-index: 2147483647; border-radius: 3px; box-shadow: rgba(0, 0, 0, 0.33) 3px 3px 9px 5px; opacity: 1; top: 0px; left: 344px; background-color: #ffffff; cursor: pointer; pointer-events: none; display: none;\"><\/div>\n<div id=\"hzImg\" style=\"border: 1px solid #ffffff; line-height: 0; overflow: hidden; padding: 2px; margin: 0px; position: absolute; z-index: 2147483647; border-radius: 3px; box-shadow: rgba(0, 0, 0, 0.33) 3px 3px 9px 5px; opacity: 1; top: 0px; left: 344px; background-color: #ffffff; cursor: pointer; pointer-events: none; display: none;\"><\/div>\n<div id=\"hzImg\" style=\"border: 1px solid #ffffff; line-height: 0; overflow: hidden; padding: 2px; margin: 0px; position: absolute; z-index: 2147483647; border-radius: 3px; box-shadow: rgba(0, 0, 0, 0.33) 3px 3px 9px 5px; opacity: 1; top: 0px; left: 308px; background-color: #ffffff; cursor: pointer; pointer-events: none; display: none;\"><\/div>\n<div id=\"hzImg\" style=\"border: 1px solid #ffffff; line-height: 0; overflow: hidden; padding: 2px; margin: 0px; position: absolute; z-index: 2147483647; border-radius: 3px; box-shadow: rgba(0, 0, 0, 0.33) 3px 3px 9px 5px; opacity: 1; top: 0px; left: 308px; background-color: #ffffff; cursor: pointer; pointer-events: none; display: none;\"><\/div>\n<p><img id=\"hzDownscaled\" style=\"position: absolute; top: -10000px;\" \/><\/p>\n","protected":false},"excerpt":{"rendered":"<p>Al\u00fcminyum sekt\u00f6r\u00fcn\u00fcn her dal\u0131nda ve a\u015famas\u0131nda hizmet vermeye devam ediyoruz. Mevcut bilgilerimiz ve her ge\u00e7en g\u00fcn edindi\u011fimiz tecr\u00fcbeleri sizlerle payla\u015fmak i\u00e7in heyecan duyuyoruz. \u015eirketimiz malzeme tedari\u011finin yan\u0131nda art\u0131k a\u015fa\u011f\u0131daki hizmetleri de vermeye ba\u015flam\u0131\u015ft\u0131r. 20 y\u0131l\u0131 a\u015fan malzeme ve tasar\u0131m tecr\u00fcbesini harmanlayarak a\u015fa\u011f\u0131daki \u015fekillerde aktar\u0131m\u0131n\u0131 yap\u0131yoruz. Sistem tasar\u0131m\u0131, Prensip cephe detay \u00e7al\u0131\u015fmalar\u0131, Profil tasar\u0131m\u0131 ve atalet [&hellip;]<\/p>\n","protected":false},"author":1,"featured_media":0,"parent":0,"menu_order":0,"comment_status":"closed","ping_status":"closed","template":"","meta":[],"_links":{"self":[{"href":"https:\/\/alustate.net\/tr\/wp-json\/wp\/v2\/pages\/364"}],"collection":[{"href":"https:\/\/alustate.net\/tr\/wp-json\/wp\/v2\/pages"}],"about":[{"href":"https:\/\/alustate.net\/tr\/wp-json\/wp\/v2\/types\/page"}],"author":[{"embeddable":true,"href":"https:\/\/alustate.net\/tr\/wp-json\/wp\/v2\/users\/1"}],"replies":[{"embeddable":true,"href":"https:\/\/alustate.net\/tr\/wp-json\/wp\/v2\/comments?post=364"}],"version-history":[{"count":9,"href":"https:\/\/alustate.net\/tr\/wp-json\/wp\/v2\/pages\/364\/revisions"}],"predecessor-version":[{"id":695,"href":"https:\/\/alustate.net\/tr\/wp-json\/wp\/v2\/pages\/364\/revisions\/695"}],"wp:attachment":[{"href":"https:\/\/alustate.net\/tr\/wp-json\/wp\/v2\/media?parent=364"}],"curies":[{"name":"wp","href":"https:\/\/api.w.org\/{rel}","templated":true}]}}